{"id":193,"date":"2016-03-28T13:57:20","date_gmt":"2016-03-28T12:57:20","guid":{"rendered":"http:\/\/www.emerypeinture.ch\/?page_id=193"},"modified":"2025-04-13T15:11:52","modified_gmt":"2025-04-13T14:11:52","slug":"presentation","status":"publish","type":"page","link":"https:\/\/emerypeinture.ch\/","title":{"rendered":"Pr\u00e9sentation"},"content":{"rendered":"<p>[et_pb_section fb_built=\u00a0\u00bb1&Prime; inner_shadow=\u00a0\u00bbon\u00a0\u00bb fullwidth=\u00a0\u00bbon\u00a0\u00bb custom_padding_last_edited=\u00a0\u00bbon|desktop\u00a0\u00bb disabled_on=\u00a0\u00bbon||\u00a0\u00bb _builder_version=\u00a0\u00bb4.16&Prime; background_color=\u00a0\u00bb#f2f2f2&Prime; custom_padding=\u00a0\u00bb0px|0px|0|0px|false|false\u00a0\u00bb custom_padding_tablet=\u00a0\u00bb50px|0|50px|0&Prime; custom_padding_phone=\u00a0\u00bb50px|0px|42px|0px|false|false\u00a0\u00bb top_divider_color=\u00a0\u00bbrgba(211,179,38,0.61)\u00a0\u00bb top_divider_height=\u00a0\u00bb42px\u00a0\u00bb bottom_divider_color=\u00a0\u00bbrgba(178,85,110,0.76)\u00a0\u00bb bottom_divider_height=\u00a0\u00bb52px\u00a0\u00bb custom_css_main_element=\u00a0\u00bbmin-height: 450px;||\u00a0\u00bb transparent_background=\u00a0\u00bboff\u00a0\u00bb global_colors_info=\u00a0\u00bb{}\u00a0\u00bb][et_pb_fullwidth_slider _builder_version=\u00a0\u00bb4.27.0&Prime; header_font=\u00a0\u00bb||||||||\u00a0\u00bb header_font_size=\u00a0\u00bb26px\u00a0\u00bb background_color=\u00a0\u00bb#efefef\u00a0\u00bb background_enable_image=\u00a0\u00bboff\u00a0\u00bb background_size=\u00a0\u00bbcontain\u00a0\u00bb background_position=\u00a0\u00bbcenter_right\u00a0\u00bb custom_margin=\u00a0\u00bb|||\u00a0\u00bb custom_padding=\u00a0\u00bb164px|||||\u00a0\u00bb custom_padding_tablet=\u00a0\u00bb|||\u00a0\u00bb custom_padding_phone=\u00a0\u00bb|||\u00a0\u00bb auto=\u00a0\u00bbon\u00a0\u00bb auto_speed=\u00a0\u00bb4000&Prime; header_text_shadow_style=\u00a0\u00bbpreset1&Prime; header_text_shadow_color=\u00a0\u00bb#dbdbdb\u00a0\u00bb box_shadow_style=\u00a0\u00bbpreset6&Prime; box_shadow_blur=\u00a0\u00bb10px\u00a0\u00bb box_shadow_color=\u00a0\u00bbrgba(0,0,0,0.1)\u00a0\u00bb remove_inner_shadow=\u00a0\u00bboff\u00a0\u00bb hide_content_on_mobile=\u00a0\u00bboff\u00a0\u00bb hide_cta_on_mobile=\u00a0\u00bboff\u00a0\u00bb show_inner_shadow=\u00a0\u00bbon\u00a0\u00bb global_colors_info=\u00a0\u00bb{}\u00a0\u00bb button_text_size__hover_enabled=\u00a0\u00bboff\u00a0\u00bb button_one_text_size__hover_enabled=\u00a0\u00bboff\u00a0\u00bb button_two_text_size__hover_enabled=\u00a0\u00bboff\u00a0\u00bb button_text_color__hover_enabled=\u00a0\u00bboff\u00a0\u00bb button_one_text_color__hover_enabled=\u00a0\u00bboff\u00a0\u00bb button_two_text_color__hover_enabled=\u00a0\u00bboff\u00a0\u00bb button_border_width__hover_enabled=\u00a0\u00bboff\u00a0\u00bb button_one_border_width__hover_enabled=\u00a0\u00bboff\u00a0\u00bb button_two_border_width__hover_enabled=\u00a0\u00bboff\u00a0\u00bb button_border_color__hover_enabled=\u00a0\u00bboff\u00a0\u00bb button_one_border_color__hover_enabled=\u00a0\u00bboff\u00a0\u00bb button_two_border_color__hover_enabled=\u00a0\u00bboff\u00a0\u00bb button_border_radius__hover_enabled=\u00a0\u00bboff\u00a0\u00bb button_one_border_radius__hover_enabled=\u00a0\u00bboff\u00a0\u00bb button_two_border_radius__hover_enabled=\u00a0\u00bboff\u00a0\u00bb button_letter_spacing__hover_enabled=\u00a0\u00bboff\u00a0\u00bb button_one_letter_spacing__hover_enabled=\u00a0\u00bboff\u00a0\u00bb button_two_letter_spacing__hover_enabled=\u00a0\u00bboff\u00a0\u00bb button_bg_color__hover_enabled=\u00a0\u00bboff\u00a0\u00bb button_one_bg_color__hover_enabled=\u00a0\u00bboff\u00a0\u00bb button_two_bg_color__hover_enabled=\u00a0\u00bboff\u00a0\u00bb][et_pb_slide heading=\u00a0\u00bbDepuis plus de 20 ans \u00e0 votre service\u00a0\u00bb image=\u00a0\u00bbhttps:\/\/www.emerypeinture.ch\/wp-content\/uploads\/2024\/08\/Richard.jpg\u00a0\u00bb use_bg_overlay=\u00a0\u00bboff\u00a0\u00bb use_text_overlay=\u00a0\u00bbon\u00a0\u00bb text_overlay_color=\u00a0\u00bbrgba(0,0,0,0)\u00a0\u00bb _builder_version=\u00a0\u00bb4.27.0&Prime; header_level=\u00a0\u00bbh2&Prime; header_font=\u00a0\u00bb||||||||\u00a0\u00bb header_font_size=\u00a0\u00bb33px\u00a0\u00bb body_font=\u00a0\u00bb||||||||\u00a0\u00bb body_text_color=\u00a0\u00bb#6d6d6d\u00a0\u00bb body_font_size=\u00a0\u00bb17px\u00a0\u00bb background_layout=\u00a0\u00bblight\u00a0\u00bb child_filter_saturate=\u00a0\u00bb109%\u00a0\u00bb child_filter_brightness=\u00a0\u00bb107%\u00a0\u00bb child_filter_sepia=\u00a0\u00bb19%\u00a0\u00bb border_width_all_image=\u00a0\u00bb1px\u00a0\u00bb global_colors_info=\u00a0\u00bb{}\u00a0\u00bb button_text_size__hover_enabled=\u00a0\u00bboff\u00a0\u00bb button_one_text_size__hover_enabled=\u00a0\u00bboff\u00a0\u00bb button_two_text_size__hover_enabled=\u00a0\u00bboff\u00a0\u00bb button_text_color__hover_enabled=\u00a0\u00bboff\u00a0\u00bb button_one_text_color__hover_enabled=\u00a0\u00bboff\u00a0\u00bb button_two_text_color__hover_enabled=\u00a0\u00bboff\u00a0\u00bb button_border_width__hover_enabled=\u00a0\u00bboff\u00a0\u00bb button_one_border_width__hover_enabled=\u00a0\u00bboff\u00a0\u00bb button_two_border_width__hover_enabled=\u00a0\u00bboff\u00a0\u00bb button_border_color__hover_enabled=\u00a0\u00bboff\u00a0\u00bb button_one_border_color__hover_enabled=\u00a0\u00bboff\u00a0\u00bb button_two_border_color__hover_enabled=\u00a0\u00bboff\u00a0\u00bb button_border_radius__hover_enabled=\u00a0\u00bboff\u00a0\u00bb button_one_border_radius__hover_enabled=\u00a0\u00bboff\u00a0\u00bb button_two_border_radius__hover_enabled=\u00a0\u00bboff\u00a0\u00bb button_letter_spacing__hover_enabled=\u00a0\u00bboff\u00a0\u00bb button_one_letter_spacing__hover_enabled=\u00a0\u00bboff\u00a0\u00bb button_two_letter_spacing__hover_enabled=\u00a0\u00bboff\u00a0\u00bb button_bg_color__hover_enabled=\u00a0\u00bboff\u00a0\u00bb button_one_bg_color__hover_enabled=\u00a0\u00bboff\u00a0\u00bb button_two_bg_color__hover_enabled=\u00a0\u00bboff\u00a0\u00bb header_text_shadow_color__hover_enabled=\u00a0\u00bbon\u00a0\u00bb sticky_transition=\u00a0\u00bbon\u00a0\u00bb]<\/p>\n<p>\u00e0 <span style=\"color: #333333;\"><strong>Crans-Montana<\/strong><\/span> et dans les environs.<\/p>\n \n<p><a href=\"https:\/\/www.emerypeinture.ch\/wp-content\/uploads\/2021\/11\/20ans.png\"><img loading=\"lazy\" decoding=\"async\" src=\"https:\/\/www.emerypeinture.ch\/wp-content\/uploads\/2021\/11\/20ans.png\" alt=\"20 ans\" class=\"wp-image-1260 size-full\" width=\"69\" height=\"87\" \/><\/a><\/p>\n<p>&nbsp;<\/p>\n<p>&nbsp;<\/p>\n<p>[\/et_pb_slide][et_pb_slide heading=\u00a0\u00bbRelooking de votre int\u00e9rieur!\u00a0\u00bb image=\u00a0\u00bbhttps:\/\/www.emerypeinture.ch\/wp-content\/uploads\/2019\/01\/15.12.2018-045-1.jpg\u00a0\u00bb _builder_version=\u00a0\u00bb4.16&Prime; header_level=\u00a0\u00bbh1&Prime; header_font=\u00a0\u00bb||||||||\u00a0\u00bb header_text_color=\u00a0\u00bb#E09900&Prime; header_font_size=\u00a0\u00bb32px\u00a0\u00bb body_font=\u00a0\u00bb||||||||\u00a0\u00bb body_text_align=\u00a0\u00bbleft\u00a0\u00bb body_text_color=\u00a0\u00bbrgba(43,43,43,0)\u00a0\u00bb body_font_size=\u00a0\u00bb20px\u00a0\u00bb body_line_height=\u00a0\u00bb1em\u00a0\u00bb background_layout=\u00a0\u00bblight\u00a0\u00bb global_colors_info=\u00a0\u00bb{}\u00a0\u00bb sticky_transition=\u00a0\u00bbon\u00a0\u00bb]<span style=\"caret-color: #000000; color: #282828; font-family: 'helvetica Neue', helvetica; font-size: large; font-style: normal; font-variant-caps: normal; letter-spacing: normal; text-align: start; text-indent: 0px; text-transform: none; white-space: normal; word-spacing: 0px; -moz-text-size-adjust: auto; -webkit-text-stroke-width: 0px; display: inline !important; float: none;\">Transformation d&rsquo;un appartement et suivi du chantier<\/span>[\/et_pb_slide][et_pb_slide heading=\u00a0\u00bbEn route!\u00a0\u00bb button_text=\u00a0\u00bbContactez-nous!\u00a0\u00bb button_link=\u00a0\u00bbhttps:\/\/www.emerypeinture.ch\/index.php\/infos-plan-dacces\/\u00a0\u00bb image=\u00a0\u00bbhttps:\/\/www.emerypeinture.ch\/wp-content\/uploads\/2016\/04\/bus.jpg\u00a0\u00bb _builder_version=\u00a0\u00bb4.16&Prime; body_font=\u00a0\u00bb||||||||\u00a0\u00bb body_text_color=\u00a0\u00bb#6d6d6d\u00a0\u00bb body_font_size=\u00a0\u00bb17px\u00a0\u00bb custom_button=\u00a0\u00bbon\u00a0\u00bb button_text_color=\u00a0\u00bb#4f4f4f\u00a0\u00bb button_bg_color=\u00a0\u00bb#FFFFFF\u00a0\u00bb button_border_radius=\u00a0\u00bb5px\u00a0\u00bb button_use_icon=\u00a0\u00bboff\u00a0\u00bb background_layout=\u00a0\u00bblight\u00a0\u00bb child_filter_brightness=\u00a0\u00bb110%\u00a0\u00bb child_filter_contrast=\u00a0\u00bb113%\u00a0\u00bb link_option_url=\u00a0\u00bbhttps:\/\/www.emerypeinture.ch\/index.php\/infos-plan-dacces\/\u00a0\u00bb border_width_all_image=\u00a0\u00bb1px\u00a0\u00bb border_color_all_image=\u00a0\u00bb#000000&Prime; box_shadow_style_image=\u00a0\u00bbpreset4&Prime; box_shadow_horizontal_image=\u00a0\u00bb13px\u00a0\u00bb box_shadow_vertical_image=\u00a0\u00bb16px\u00a0\u00bb box_shadow_color_image=\u00a0\u00bb#c6c181&Prime; global_colors_info=\u00a0\u00bb{}\u00a0\u00bb button_text_size__hover_enabled=\u00a0\u00bboff\u00a0\u00bb button_one_text_size__hover_enabled=\u00a0\u00bboff\u00a0\u00bb button_two_text_size__hover_enabled=\u00a0\u00bboff\u00a0\u00bb button_text_color__hover_enabled=\u00a0\u00bboff\u00a0\u00bb button_one_text_color__hover_enabled=\u00a0\u00bboff\u00a0\u00bb button_two_text_color__hover_enabled=\u00a0\u00bboff\u00a0\u00bb button_border_width__hover_enabled=\u00a0\u00bboff\u00a0\u00bb button_one_border_width__hover_enabled=\u00a0\u00bboff\u00a0\u00bb button_two_border_width__hover_enabled=\u00a0\u00bboff\u00a0\u00bb button_border_color__hover_enabled=\u00a0\u00bboff\u00a0\u00bb button_one_border_color__hover_enabled=\u00a0\u00bboff\u00a0\u00bb button_two_border_color__hover_enabled=\u00a0\u00bboff\u00a0\u00bb button_border_radius__hover_enabled=\u00a0\u00bboff\u00a0\u00bb button_one_border_radius__hover_enabled=\u00a0\u00bboff\u00a0\u00bb button_two_border_radius__hover_enabled=\u00a0\u00bboff\u00a0\u00bb button_letter_spacing__hover_enabled=\u00a0\u00bboff\u00a0\u00bb button_one_letter_spacing__hover_enabled=\u00a0\u00bboff\u00a0\u00bb button_two_letter_spacing__hover_enabled=\u00a0\u00bboff\u00a0\u00bb button_bg_color__hover_enabled=\u00a0\u00bboff\u00a0\u00bb button_one_bg_color__hover_enabled=\u00a0\u00bboff\u00a0\u00bb button_two_bg_color__hover_enabled=\u00a0\u00bboff\u00a0\u00bb sticky_transition=\u00a0\u00bbon\u00a0\u00bb][\/et_pb_slide][\/et_pb_fullwidth_slider][\/et_pb_section][et_pb_section fb_built=\u00a0\u00bb1&Prime; next_background_color=\u00a0\u00bb#e2e7ea\u00a0\u00bb _builder_version=\u00a0\u00bb4.16&Prime; custom_padding=\u00a0\u00bb71px|0px|50px|0px|false|false\u00a0\u00bb bottom_divider_style=\u00a0\u00bbslant2&Prime; bottom_divider_height=\u00a0\u00bb51px\u00a0\u00bb global_colors_info=\u00a0\u00bb{}\u00a0\u00bb][et_pb_row column_structure=\u00a0\u00bb2_5,3_5&Prime; use_custom_gutter=\u00a0\u00bbon\u00a0\u00bb _builder_version=\u00a0\u00bb4.27.0&Prime; background_size=\u00a0\u00bbinitial\u00a0\u00bb background_position=\u00a0\u00bbtop_left\u00a0\u00bb background_repeat=\u00a0\u00bbrepeat\u00a0\u00bb max_width=\u00a0\u00bb1004px\u00a0\u00bb module_alignment=\u00a0\u00bbcenter\u00a0\u00bb custom_padding=\u00a0\u00bb||115px|||\u00a0\u00bb global_colors_info=\u00a0\u00bb{}\u00a0\u00bb][et_pb_column type=\u00a0\u00bb2_5&Prime; _builder_version=\u00a0\u00bb4.16&Prime; custom_padding=\u00a0\u00bb|||\u00a0\u00bb global_colors_info=\u00a0\u00bb{}\u00a0\u00bb custom_padding__hover=\u00a0\u00bb|||\u00a0\u00bb][et_pb_image src=\u00a0\u00bbhttps:\/\/www.emerypeinture.ch\/wp-content\/uploads\/2024\/08\/Team_emery-peinture.jpg\u00a0\u00bb alt=\u00a0\u00bb20 ans\u00a0\u00bb title_text=\u00a0\u00bbTeam_emery-peinture\u00a0\u00bb align=\u00a0\u00bbcenter\u00a0\u00bb _builder_version=\u00a0\u00bb4.27.0&Prime; _module_preset=\u00a0\u00bbdefault\u00a0\u00bb width=\u00a0\u00bb100%\u00a0\u00bb module_alignment=\u00a0\u00bbcenter\u00a0\u00bb custom_margin=\u00a0\u00bb2px|12px||||\u00a0\u00bb custom_padding=\u00a0\u00bb||0px|||\u00a0\u00bb global_colors_info=\u00a0\u00bb{}\u00a0\u00bb][\/et_pb_image][\/et_pb_column][et_pb_column type=\u00a0\u00bb3_5&Prime; _builder_version=\u00a0\u00bb4.16&Prime; custom_padding=\u00a0\u00bb|||\u00a0\u00bb global_colors_info=\u00a0\u00bb{}\u00a0\u00bb custom_padding__hover=\u00a0\u00bb|||\u00a0\u00bb][et_pb_text _builder_version=\u00a0\u00bb4.27.0&Prime; background_size=\u00a0\u00bbinitial\u00a0\u00bb background_position=\u00a0\u00bbtop_left\u00a0\u00bb background_repeat=\u00a0\u00bbrepeat\u00a0\u00bb custom_margin=\u00a0\u00bb||59px|||\u00a0\u00bb use_border_color=\u00a0\u00bboff\u00a0\u00bb border_color=\u00a0\u00bb#ffffff\u00a0\u00bb border_style=\u00a0\u00bbsolid\u00a0\u00bb global_colors_info=\u00a0\u00bb{}\u00a0\u00bb]<\/p>\n<h1><span style=\"font-size: 30px;\">Pr\u00e9sentation<\/span><\/h1>\n<p>L\u2019entreprise de pl\u00e2trerie-peinture Richard Emery Peinture a \u00e9t\u00e9 fond\u00e9e en 2002 en tant que raison individuelle.<span style=\"font-size: 14px;\">\u00a0<\/span><\/p>\n<h2><span style=\"font-size: large;\">Elle a f\u00eat\u00e9 ses 20 ans en 2022.<\/span><\/h2>\n<p>\u00a0L\u2019associ\u00e9 et g\u00e9rant de la soci\u00e9t\u00e9 est Richard Emery.<\/p>\n<p>L\u2019entreprise familiale reconnue pour son grand savoir-faire et la qualit\u00e9 de ses ouvrages dans les domaines de la <strong>peinture, de la gypserie, de la pose de papiers peints, de l\u2019isolation ext\u00e9rieure, phonique ou acoustique <\/strong>Richard Emery peinture S\u00e0rl est devenue une des entreprises reconnues sur le Haut-Plateau, plus pr\u00e9cis\u00e9ment \u00e0 <span style=\"color: #e06b64;\"><strong>CRANS-MONTANA<\/strong><\/span>\u00a0 et compte aujourd\u2019hui pr\u00e8s de 10 collaborateurs dynamiques, qui contribuent \u00e0 son succ\u00e8s quotidien.<\/p>\n<p>\u00a0Toujours <span style=\"color: #e09900;\"><strong>\u00e0 votre \u00e9coute<\/strong><\/span>, nous nous adaptons \u00e0 vos go\u00fbts et envies, et imaginons avec vous les meilleures solutions pour r\u00e9pondre \u00e0 vos besoins !<\/p>\n<p>\u00a0Notre disponibilit\u00e9 et notre flexibilit\u00e9 ainsi qu\u2019un excellent rapport qualit\u00e9 \u2013 prix sauront vous s\u00e9duire.<\/p>\n<p>\u00a0<strong><span style=\"color: #e09900;\">Notre travail est aussi notre passion !<\/span><\/strong><\/p>\n<p>&nbsp;<\/p>\n<p>&nbsp;<\/p>\n<p style=\"text-align: center;\"><span style=\"font-size: large; color: #e07a74;\"><strong><span style=\"color: #e04941;\">C&rsquo;est avec plaisir que nous vous aiderons \u00e0 r\u00e9aliser tous vos r\u00eaves pour votre logement !<\/span><br \/><\/strong><\/span><\/p>\n<p>&nbsp;<\/p>\n<p>[\/et_pb_text][\/et_pb_column][\/et_pb_row][\/et_pb_section][et_pb_section fb_built=\u00a0\u00bb1&Prime; custom_padding_last_edited=\u00a0\u00bbon|desktop\u00a0\u00bb admin_label=\u00a0\u00bbsection\u00a0\u00bb _builder_version=\u00a0\u00bb4.16&Prime; background_color=\u00a0\u00bb#e2e7ea\u00a0\u00bb custom_padding=\u00a0\u00bb||||true|false\u00a0\u00bb custom_padding_tablet=\u00a0\u00bb50px|0|50px|0&Prime; custom_padding_phone=\u00a0\u00bb\u00a0\u00bb bottom_divider_style=\u00a0\u00bbslant2&Prime; bottom_divider_color=\u00a0\u00bbrgba(0,0,0,0)\u00a0\u00bb transparent_background=\u00a0\u00bboff\u00a0\u00bb padding_mobile=\u00a0\u00bboff\u00a0\u00bb global_colors_info=\u00a0\u00bb{}\u00a0\u00bb][et_pb_row column_structure=\u00a0\u00bb1_2,1_2&Prime; padding_mobile=\u00a0\u00bboff\u00a0\u00bb column_padding_mobile=\u00a0\u00bbon\u00a0\u00bb admin_label=\u00a0\u00bbrow\u00a0\u00bb _builder_version=\u00a0\u00bb4.16&Prime; background_size=\u00a0\u00bbinitial\u00a0\u00bb background_position=\u00a0\u00bbtop_left\u00a0\u00bb background_repeat=\u00a0\u00bbrepeat\u00a0\u00bb custom_margin=\u00a0\u00bb0px|||\u00a0\u00bb animation_style=\u00a0\u00bbfade\u00a0\u00bb global_colors_info=\u00a0\u00bb{}\u00a0\u00bb][et_pb_column type=\u00a0\u00bb1_2&Prime; _builder_version=\u00a0\u00bb4.16&Prime; custom_padding=\u00a0\u00bb|||\u00a0\u00bb global_colors_info=\u00a0\u00bb{}\u00a0\u00bb custom_padding__hover=\u00a0\u00bb|||\u00a0\u00bb][et_pb_text _builder_version=\u00a0\u00bb4.16&Prime; text_font=\u00a0\u00bb||||||||\u00a0\u00bb ul_font=\u00a0\u00bb||||||||\u00a0\u00bb background_color=\u00a0\u00bb#ffffff\u00a0\u00bb background_size=\u00a0\u00bbinitial\u00a0\u00bb background_position=\u00a0\u00bbtop_left\u00a0\u00bb background_repeat=\u00a0\u00bbrepeat\u00a0\u00bb max_width=\u00a0\u00bb80%\u00a0\u00bb max_width_tablet=\u00a0\u00bb\u00a0\u00bb max_width_phone=\u00a0\u00bb\u00a0\u00bb max_width_last_edited=\u00a0\u00bbon|desktop\u00a0\u00bb module_alignment=\u00a0\u00bbcenter\u00a0\u00bb custom_margin=\u00a0\u00bb|69px||||\u00a0\u00bb custom_padding=\u00a0\u00bb30px|30px|30px|30px|true|true\u00a0\u00bb border_width_all=\u00a0\u00bb1px\u00a0\u00bb border_color_all=\u00a0\u00bb#000000&Prime; border_style_all=\u00a0\u00bbsolid\u00a0\u00bb use_border_color=\u00a0\u00bbon\u00a0\u00bb border_color=\u00a0\u00bb#000000&Prime; border_style=\u00a0\u00bbsolid\u00a0\u00bb global_colors_info=\u00a0\u00bb{}\u00a0\u00bb]<\/p>\n<h2 class=\"title\" style=\"text-align: center;\">Nos services<\/h2>\n<p><span style=\"color: #474747;\"><a href=\"https:\/\/www.emerypeinture.ch\/wp-content\/uploads\/2016\/03\/pots-2.jpg\" rel=\"attachment wp-att-203\" style=\"color: #474747;\"><img loading=\"lazy\" decoding=\"async\" class=\"alignnone size-medium wp-image-203\" src=\"https:\/\/www.emerypeinture.ch\/wp-content\/uploads\/2016\/03\/pots-2-300x225.jpg\" alt=\"pots (2)\" style=\"display: block; margin-left: auto; margin-right: auto;\" width=\"141\" height=\"106\" srcset=\"https:\/\/emerypeinture.ch\/wp-content\/uploads\/2016\/03\/pots-2-300x225.jpg 300w, https:\/\/emerypeinture.ch\/wp-content\/uploads\/2016\/03\/pots-2.jpg 400w\" sizes=\"(max-width: 141px) 100vw, 141px\" \/><\/a><\/span><\/p>\n<p style=\"text-align: center;\"><span style=\"color: #474747;\">Peinture int\u00e9rieure et ext\u00e9rieure<\/span><\/p>\n<p style=\"text-align: center;\"><span style=\"color: #474747;\">R\u00e9novation compl\u00e8te de fa\u00e7ades<\/span><\/p>\n<p style=\"text-align: center;\"><span style=\"color: #474747;\">Traitement du bois ext\u00e9rieur<\/span><\/p>\n<p style=\"text-align: center;\"><span style=\"color: #474747;\">Montage de cloisons l\u00e9g\u00e8res<\/span><\/p>\n<p style=\"text-align: center;\"><span style=\"color: #474747;\">Isolation p\u00e9riph\u00e9rique<\/span><\/p>\n<p style=\"text-align: center;\"><span style=\"color: #474747;\">Sablage + d\u00e9capage<\/span><\/p>\n<p style=\"text-align: center;\"><span style=\"color: #474747;\">Teintage chimique<\/span><\/p>\n<p style=\"text-align: center;\"><span style=\"color: #474747;\">Montage d&rsquo;alba<\/span><\/p>\n<p style=\"text-align: center;\"><span style=\"color: #474747;\">Pose de papiers peints<\/span><\/p>\n<p style=\"text-align: center;\"><span style=\"color: #474747;\">Pose de faux plafonds<\/span><\/p>\n<p style=\"text-align: center;\"><span style=\"color: #474747;\">R\u00e9novations suite d\u00e9g\u00e2ts d&rsquo;eau<\/span><\/p>\n<p style=\"text-align: center;\"><span style=\"color: #474747;\">Gypserie<\/span><\/p>\n<p>[\/et_pb_text][\/et_pb_column][et_pb_column type=\u00a0\u00bb1_2&Prime; _builder_version=\u00a0\u00bb4.16&Prime; custom_padding=\u00a0\u00bb|||\u00a0\u00bb global_colors_info=\u00a0\u00bb{}\u00a0\u00bb custom_padding__hover=\u00a0\u00bb|||\u00a0\u00bb][et_pb_text _builder_version=\u00a0\u00bb4.16&Prime; background_color=\u00a0\u00bb#ffffff\u00a0\u00bb background_size=\u00a0\u00bbinitial\u00a0\u00bb background_position=\u00a0\u00bbtop_left\u00a0\u00bb background_repeat=\u00a0\u00bbrepeat\u00a0\u00bb max_width=\u00a0\u00bb80%\u00a0\u00bb max_width_tablet=\u00a0\u00bb\u00a0\u00bb max_width_phone=\u00a0\u00bb\u00a0\u00bb max_width_last_edited=\u00a0\u00bbon|phone\u00a0\u00bb module_alignment=\u00a0\u00bbcenter\u00a0\u00bb custom_padding=\u00a0\u00bb30px|30px|30px|30px|true|true\u00a0\u00bb border_width_all=\u00a0\u00bb1px\u00a0\u00bb border_color_all=\u00a0\u00bb#000000&Prime; border_style_all=\u00a0\u00bbsolid\u00a0\u00bb use_border_color=\u00a0\u00bbon\u00a0\u00bb border_color=\u00a0\u00bb#000000&Prime; border_style=\u00a0\u00bbsolid\u00a0\u00bb global_colors_info=\u00a0\u00bb{}\u00a0\u00bb]<\/p>\n<h2 class=\"title\" style=\"text-align: center;\">Nos points forts<\/h2>\n<p style=\"text-align: center;\"><a href=\"https:\/\/www.emerypeinture.ch\/wp-content\/uploads\/2016\/03\/vu.jpg\" rel=\"attachment wp-att-204\"><img loading=\"lazy\" decoding=\"async\" class=\"alignnone size-full wp-image-204\" src=\"https:\/\/www.emerypeinture.ch\/wp-content\/uploads\/2016\/03\/vu.jpg\" alt=\"vu\" width=\"164\" height=\"164\" \/><\/a><\/p>\n<p style=\"text-align: center;\">\n<p style=\"text-align: center;\">\n<p style=\"text-align: center;\">\n<p style=\"text-align: center;\"><span style=\"color: #3f3f3f;\">Sp\u00e9cialis\u00e9s dans la r\u00e9novation de copropri\u00e9t\u00e9s \u00e0 <strong>Crans-Montana<\/strong><\/span><\/p>\n<p style=\"text-align: center;\"><span style=\"color: #3f3f3f;\">Sp\u00e9cialis\u00e9 dans la r\u00e9fection suite \u00e0 des <strong>d\u00e9g\u00e2ts d&rsquo;eau<\/strong><\/span><\/p>\n<p style=\"text-align: center;\"><span style=\"color: #3f3f3f;\">sp\u00e9cialis\u00e9s dans <strong>les travaux de pl\u00e2trerie, de peinture et d&rsquo;isolation ext\u00e9rieure pour les nouvelles constructions <\/strong><\/span><\/p>\n<p style=\"text-align: center;\"><span style=\"color: #3f3f3f;\">Suivi de chantier<\/span><\/p>\n<p style=\"text-align: center;\"><span style=\"color: #3f3f3f;\"><strong>Flexibilit\u00e9<\/strong><\/span><\/p>\n<p style=\"text-align: center;\"><span style=\"color: #3f3f3f;\"><strong>Proximit\u00e9<\/strong>, contact avec la client\u00e8le<\/span><\/p>\n<p style=\"text-align: center;\"><span style=\"color: #3f3f3f;\">Excellent rapport qualit\u00e9 prix<\/span><\/p>\n<p style=\"text-align: center;\">\n<p style=\"text-align: center;\">\n<p style=\"text-align: center;\">\n<p style=\"text-align: center;\">\n<p style=\"text-align: center;\">\n<p style=\"text-align: center;\">\n<p>&nbsp;<\/p>\n<p>[\/et_pb_text][\/et_pb_column][\/et_pb_row][\/et_pb_section]<\/p>\n","protected":false},"excerpt":{"rendered":"<p>\u00e0 Crans-Montana et dans les environs. &nbsp; &nbsp;Transformation d&rsquo;un appartement et suivi du chantierPr\u00e9sentation L\u2019entreprise de pl\u00e2trerie-peinture Richard Emery Peinture a \u00e9t\u00e9 fond\u00e9e en 2002 en tant que raison individuelle.\u00a0 Elle a f\u00eat\u00e9 ses 20 ans en 2022. \u00a0L\u2019associ\u00e9 et g\u00e9rant de la soci\u00e9t\u00e9 est Richard Emery. L\u2019entreprise familiale reconnue pour son grand savoir-faire et [&hellip;]<\/p>\n","protected":false},"author":1,"featured_media":0,"parent":0,"menu_order":0,"comment_status":"closed","ping_status":"closed","template":"","meta":{"_et_pb_use_builder":"on","_et_pb_old_content":"","_et_gb_content_width":"","footnotes":""},"class_list":["post-193","page","type-page","status-publish","hentry"],"_links":{"self":[{"href":"https:\/\/emerypeinture.ch\/index.php\/wp-json\/wp\/v2\/pages\/193","targetHints":{"allow":["GET"]}}],"collection":[{"href":"https:\/\/emerypeinture.ch\/index.php\/wp-json\/wp\/v2\/pages"}],"about":[{"href":"https:\/\/emerypeinture.ch\/index.php\/wp-json\/wp\/v2\/types\/page"}],"author":[{"embeddable":true,"href":"https:\/\/emerypeinture.ch\/index.php\/wp-json\/wp\/v2\/users\/1"}],"replies":[{"embeddable":true,"href":"https:\/\/emerypeinture.ch\/index.php\/wp-json\/wp\/v2\/comments?post=193"}],"version-history":[{"count":110,"href":"https:\/\/emerypeinture.ch\/index.php\/wp-json\/wp\/v2\/pages\/193\/revisions"}],"predecessor-version":[{"id":1419,"href":"https:\/\/emerypeinture.ch\/index.php\/wp-json\/wp\/v2\/pages\/193\/revisions\/1419"}],"wp:attachment":[{"href":"https:\/\/emerypeinture.ch\/index.php\/wp-json\/wp\/v2\/media?parent=193"}],"curies":[{"name":"wp","href":"https:\/\/api.w.org\/{rel}","templated":true}]}}